{"id":315,"date":"2025-06-12T10:38:22","date_gmt":"2025-06-12T10:38:22","guid":{"rendered":"https:\/\/crepp.ee\/?page_id=315"},"modified":"2025-06-12T10:38:22","modified_gmt":"2025-06-12T10:38:22","slug":"eesti-spordi-ja-olumpiamuuseum","status":"publish","type":"page","link":"http:\/\/crepp.ee\/en\/eesti-spordi-ja-olumpiamuuseum","title":{"rendered":"Eesti Spordi- ja Ol\u00fcmpiamuuseum"},"content":{"rendered":"<p>Eesti Spordi- ja Ol\u00fcmpiamuuseum pakub avastamisr\u00f5\u00f5mu tervele perele! P\u00fcsin\u00e4itus \u201eEesti Spordi Lugu\u201c avab ausalt Eesti spordiloo eredamaid hetki suurtest v\u00f5itudest valusate kaotusteni, kangelastegudest dopingudraamadeni. Lisaks huvitavatele tekstidele ja unikaalsele fotomaterjalile ootab k\u00fclastajaid ka suur hulk k\u00e4ed-k\u00fclge atraktsioone nagu virtuaalreaalsus legendaarsete spordiareenide ja -staaridega, interaktiivne korvpallinurk, superrealistlik rallisimulaator, 80ndate spordif\u00e4nni tuba ning ajalooline v\u00f5imla. Suurejooneline kuulsuste hall tutvustab aga spordisangarite ja Eesti riigi sporti tugevalt m\u00f5jutanud sporditegelaste saavutusi.<\/p>\n<p>Veeda p\u00e4ev t\u00e4is aktiivsust, tegevusi ja elamuslikke n\u00e4ituseid! Spordimuuseum ootab sind ja asub k\u00f5igest m\u00f5ne sammu kaugusel kohvikust Crepp \u2013 R\u00fc\u00fctli 15! Kohvik Crepp ostut\u0161ekiga saad spordimuuseumi pileti 15% soodsamalt!<\/p>","protected":false},"excerpt":{"rendered":"<p>Eesti Spordi- ja Ol\u00fcmpiamuuseum pakub avastamisr\u00f5\u00f5mu tervele perele! P\u00fcsin\u00e4itus \u201eEesti Spordi Lugu\u201c avab ausalt Eesti spordiloo eredamaid hetki suurtest v\u00f5itudest valusate kaotusteni, kangelastegudest dopingudraamadeni. Lisaks huvitavatele tekstidele ja unikaalsele fotomaterjalile ootab k\u00fclastajaid ka suur hulk k\u00e4ed-k\u00fclge atraktsioone nagu virtuaalreaalsus legendaarsete spordiareenide ja -staaridega, interaktiivne korvpallinurk, superrealistlik rallisimulaator, 80ndate spordif\u00e4nni tuba ning ajalooline v\u00f5imla. Suurejooneline kuulsuste [&hellip;]<\/p>","protected":false},"author":1,"featured_media":0,"parent":0,"menu_order":0,"comment_status":"closed","ping_status":"closed","template":"","meta":{"footnotes":""},"class_list":["post-315","page","type-page","status-publish","hentry"],"_links":{"self":[{"href":"http:\/\/crepp.ee\/en\/wp-json\/wp\/v2\/pages\/315","targetHints":{"allow":["GET"]}}],"collection":[{"href":"http:\/\/crepp.ee\/en\/wp-json\/wp\/v2\/pages"}],"about":[{"href":"http:\/\/crepp.ee\/en\/wp-json\/wp\/v2\/types\/page"}],"author":[{"embeddable":true,"href":"http:\/\/crepp.ee\/en\/wp-json\/wp\/v2\/users\/1"}],"replies":[{"embeddable":true,"href":"http:\/\/crepp.ee\/en\/wp-json\/wp\/v2\/comments?post=315"}],"version-history":[{"count":5,"href":"http:\/\/crepp.ee\/en\/wp-json\/wp\/v2\/pages\/315\/revisions"}],"predecessor-version":[{"id":362,"href":"http:\/\/crepp.ee\/en\/wp-json\/wp\/v2\/pages\/315\/revisions\/362"}],"wp:attachment":[{"href":"http:\/\/crepp.ee\/en\/wp-json\/wp\/v2\/media?parent=315"}],"curies":[{"name":"wp","href":"https:\/\/api.w.org\/{rel}","templated":true}]}}