{"id":133,"date":"2025-01-22T13:18:01","date_gmt":"2025-01-22T13:18:01","guid":{"rendered":"https:\/\/crepp.ee\/?page_id=133"},"modified":"2025-01-28T21:16:14","modified_gmt":"2025-01-28T21:16:14","slug":"broneeri_laud","status":"publish","type":"page","link":"http:\/\/crepp.ee\/en\/broneeri_laud","title":{"rendered":"Reservations"},"content":{"rendered":"<p class=\"has-small-font-size\"><strong>To reserve a table for today call: \u00a0<strong>+372 74 22 133<br \/>We confirm reservations on weekdays.<\/strong><\/strong><\/p>\r\n\r\n\r\n<hr class=\"wp-block-separator has-alpha-channel-opacity is-style-wide\" \/>\r\n\r\n\r\n<p class=\"has-small-font-size\">The table will be reserved for you for 2 hours. If you wish to spend more time with us, please let us know in advance and we'll try to extend your time if possible.<\/p>\r\n\r\n\r\n\r\n<div class=\"wp-block-spacer\" style=\"height: 35px;\" aria-hidden=\"true\">\u00a0<\/div>\r\n\r\n\r\n\r\n<div class=\"forminator-guttenberg\"><div class=\"forminator-ui forminator-custom-form forminator-custom-form-30 forminator-design--material  forminator_ajax\" data-forminator-render=\"0\" data-form=\"forminator-module-30\" data-uid=\"69ded9ab7440f\"><br\/><\/div><form\n\t\t\t\tid=\"forminator-module-30\"\n\t\t\t\tclass=\"forminator-ui forminator-custom-form forminator-custom-form-30 forminator-design--material  forminator_ajax\"\n\t\t\t\tmethod=\"post\"\n\t\t\t\tdata-forminator-render=\"0\"\n\t\t\t\tdata-form-id=\"30\"\n\t\t\t\t\n\t\t\t\tdata-design=\"material\"\n\t\t\t\t\n\t\t\t\t\n\t\t\t\t\n\t\t\t\tdata-grid=\"open\"\n\t\t\t\t\n\t\t\t\t\n\t\t\t\tstyle=\"display: none;\"\n\t\t\t\t\n\t\t\t\tdata-uid=\"69ded9ab7440f\" action=\"\"\n\t\t\t><div role=\"alert\" aria-live=\"polite\" class=\"forminator-response-message forminator-error\" aria-hidden=\"true\"><\/div><div class=\"forminator-row\"><div id=\"name-1\" class=\"forminator-field-name forminator-col forminator-col-12\"><div class=\"forminator-field\"><label for=\"forminator-field-name-1_69ded9ab7440f\" id=\"forminator-field-name-1_69ded9ab7440f-label\" class=\"forminator-label\">Your name <span class=\"forminator-required\">*<\/span><\/label><input type=\"text\" name=\"name-1\" value=\"\" placeholder=\"Your Name\" id=\"forminator-field-name-1_69ded9ab7440f\" class=\"forminator-input forminator-name--field\" aria-required=\"true\" \/><\/div><\/div><\/div><div class=\"forminator-row\"><div id=\"email-1\" class=\"forminator-field-email forminator-col forminator-col-6\"><div class=\"forminator-field\"><label for=\"forminator-field-email-1_69ded9ab7440f\" id=\"forminator-field-email-1_69ded9ab7440f-label\" class=\"forminator-label\">E-mail <span class=\"forminator-required\">*<\/span><\/label><input type=\"email\" name=\"email-1\" value=\"\" placeholder=\"Your e-mail aadress\" id=\"forminator-field-email-1_69ded9ab7440f\" class=\"forminator-input forminator-email--field\" data-required=\"1\" aria-required=\"true\" \/><\/div><\/div><div id=\"phone-1\" class=\"forminator-field-phone forminator-col forminator-col-6\"><div class=\"forminator-field\"><label for=\"forminator-field-phone-1_69ded9ab7440f\" id=\"forminator-field-phone-1_69ded9ab7440f-label\" class=\"forminator-label\">Phone number <span class=\"forminator-required\">*<\/span><\/label><input type=\"text\" name=\"phone-1\" value=\"\" placeholder=\"Your phone number\" id=\"forminator-field-phone-1_69ded9ab7440f\" class=\"forminator-input forminator-field--phone\" data-required=\"1\" aria-required=\"true\" autocomplete=\"off\" maxlength=\"10\" data-validation=\"character_limit\" \/><span id=\"forminator-field-phone-1_69ded9ab7440f-description\" class=\"forminator-description\"><span data-limit=\"10\" data-type=\"\">0 \/ 10<\/span><\/span><\/div><\/div><\/div><div class=\"forminator-row\"><div id=\"text-2\" class=\"forminator-field-text forminator-col forminator-col-12\"><div class=\"forminator-field\"><label for=\"forminator-field-text-2_69ded9ab7440f\" id=\"forminator-field-text-2_69ded9ab7440f-label\" class=\"forminator-label\">Please specify date, time and number of people <span class=\"forminator-required\">*<\/span><\/label><input type=\"text\" name=\"text-2\" value=\"\" placeholder=\"Date, time and number of people\" id=\"forminator-field-text-2_69ded9ab7440f\" class=\"forminator-input forminator-name--field\" data-required=\"1\" \/><\/div><\/div><\/div><input type=\"hidden\" name=\"referer_url\" value=\"\" \/><div class=\"forminator-row forminator-row-last\"><div class=\"forminator-col\"><div class=\"forminator-field\"><button class=\"forminator-button forminator-button-submit\"><span>Reserve<\/span><span aria-hidden=\"true\"><\/span><\/button><\/div><\/div><\/div><input type=\"hidden\" id=\"forminator_nonce\" name=\"forminator_nonce\" value=\"6adbf54454\" \/><input type=\"hidden\" name=\"_wp_http_referer\" value=\"\/en\/wp-json\/wp\/v2\/pages\/133\" \/><input type=\"hidden\" name=\"form_id\" value=\"30\"><input type=\"hidden\" name=\"page_id\" value=\"133\"><input type=\"hidden\" name=\"form_type\" value=\"default\"><input type=\"hidden\" name=\"current_url\" value=\"http:\/\/crepp.ee\/en\/broneeri_laud\"><input type=\"hidden\" name=\"render_id\" value=\"0\"><input type=\"hidden\" name=\"action\" value=\"forminator_submit_form_custom-forms\"><label for=\"input_5\" class=\"forminator-hidden\" aria-hidden=\"true\">Please do not fill in this field. <input id=\"input_5\" type=\"text\" name=\"input_5\" value=\"\" autocomplete=\"off\"><\/label><input type=\"hidden\" name=\"trp-form-language\" value=\"en\"\/><\/form><\/div>","protected":false},"excerpt":{"rendered":"<p>Samaks p\u00e4evaks broneeringu tegemiseks helistage numbril: \u00a0+372 74 22 133Broneeringuid kinnitame t\u00f6\u00f6p\u00e4evadel. Laud broneeritakse Teile 2ks tunniks. Kui soovid meie juures pikemalt aega veeta, siis anna sellest eelnevalt m\u00e4rku ja v\u00f5imalusel korral proovime Teie broneeringu aega pikendada.<\/p>","protected":false},"author":1,"featured_media":0,"parent":0,"menu_order":0,"comment_status":"closed","ping_status":"closed","template":"","meta":{"footnotes":""},"class_list":["post-133","page","type-page","status-publish","hentry"],"_links":{"self":[{"href":"http:\/\/crepp.ee\/en\/wp-json\/wp\/v2\/pages\/133","targetHints":{"allow":["GET"]}}],"collection":[{"href":"http:\/\/crepp.ee\/en\/wp-json\/wp\/v2\/pages"}],"about":[{"href":"http:\/\/crepp.ee\/en\/wp-json\/wp\/v2\/types\/page"}],"author":[{"embeddable":true,"href":"http:\/\/crepp.ee\/en\/wp-json\/wp\/v2\/users\/1"}],"replies":[{"embeddable":true,"href":"http:\/\/crepp.ee\/en\/wp-json\/wp\/v2\/comments?post=133"}],"version-history":[{"count":3,"href":"http:\/\/crepp.ee\/en\/wp-json\/wp\/v2\/pages\/133\/revisions"}],"predecessor-version":[{"id":237,"href":"http:\/\/crepp.ee\/en\/wp-json\/wp\/v2\/pages\/133\/revisions\/237"}],"wp:attachment":[{"href":"http:\/\/crepp.ee\/en\/wp-json\/wp\/v2\/media?parent=133"}],"curies":[{"name":"wp","href":"https:\/\/api.w.org\/{rel}","templated":true}]}}