{"id":121,"date":"2025-01-22T12:56:29","date_gmt":"2025-01-22T12:56:29","guid":{"rendered":"https:\/\/crepp.ee\/?page_id=121"},"modified":"2025-06-30T08:25:21","modified_gmt":"2025-06-30T08:25:21","slug":"vota-uhendust","status":"publish","type":"page","link":"http:\/\/crepp.ee\/en\/vota-uhendust","title":{"rendered":"Contact"},"content":{"rendered":"<div class=\"wp-block-columns is-layout-flex wp-container-core-columns-is-layout-28f84493 wp-block-columns-is-layout-flex\">\r\n<div class=\"wp-block-column is-layout-flow wp-block-column-is-layout-flow\" style=\"flex-basis: 66.66%;\">\r\n<figure class=\"wp-block-image size-full\"><img loading=\"lazy\" decoding=\"async\" width=\"2560\" height=\"1708\" class=\"wp-image-117\" src=\"https:\/\/crepp.ee\/wp-content\/uploads\/2025\/01\/20250113_124636_SilverGutmann_IMG_5419-scaled.jpg\" alt=\"\" srcset=\"https:\/\/crepp.ee\/wp-content\/uploads\/2025\/01\/20250113_124636_SilverGutmann_IMG_5419-scaled.jpg 2560w, https:\/\/crepp.ee\/wp-content\/uploads\/2025\/01\/20250113_124636_SilverGutmann_IMG_5419-300x200.jpg 300w, https:\/\/crepp.ee\/wp-content\/uploads\/2025\/01\/20250113_124636_SilverGutmann_IMG_5419-1024x683.jpg 1024w, https:\/\/crepp.ee\/wp-content\/uploads\/2025\/01\/20250113_124636_SilverGutmann_IMG_5419-768x512.jpg 768w, https:\/\/crepp.ee\/wp-content\/uploads\/2025\/01\/20250113_124636_SilverGutmann_IMG_5419-200x133.jpg 200w, https:\/\/crepp.ee\/wp-content\/uploads\/2025\/01\/20250113_124636_SilverGutmann_IMG_5419-1536x1025.jpg 1536w, https:\/\/crepp.ee\/wp-content\/uploads\/2025\/01\/20250113_124636_SilverGutmann_IMG_5419-2048x1366.jpg 2048w\" sizes=\"auto, (max-width: 2560px) 100vw, 2560px\" \/><\/figure>\r\n<\/div>\r\n\r\n\r\n\r\n<div class=\"wp-block-column is-layout-flow wp-container-core-column-is-layout-9d14a5a7 wp-block-column-is-layout-flow\" style=\"padding-top: 0; padding-bottom: 0; flex-basis: 33.33%;\">\r\n<div class=\"wp-block-group is-vertical is-layout-flex wp-container-core-group-is-layout-98bb686d wp-block-group-is-layout-flex\">\r\n<p class=\"has-medium-font-size\" style=\"line-height: 1.1;\"><strong>Cafe Crepp<\/strong><\/p>\r\n\r\n\r\n\r\n<p class=\"has-small-font-size\" style=\"line-height: 1.1;\">R\u00fc\u00fctli 16, Tartu 51007 Eesti<\/p>\r\n<\/div>\r\n\r\n\r\n\r\n<div class=\"wp-block-group is-vertical is-layout-flex wp-container-core-group-is-layout-98bb686d wp-block-group-is-layout-flex\">\r\n<p style=\"line-height: 1.1;\"><strong>Reservations and take-away<\/strong><\/p>\r\n\r\n\r\n\r\n<p class=\"has-small-font-size\">Phone: +372 74 22 133<\/p>\r\n<\/div>\r\n\r\n\r\n\r\n<div class=\"wp-block-group has-global-padding is-layout-constrained wp-container-core-group-is-layout-19e250f3 wp-block-group-is-layout-constrained\">\r\n<p style=\"line-height: 1.1;\"><strong>Additional info<\/strong><\/p>\r\n\r\n\r\n\r\n<p class=\"has-small-font-size\">crepp@crepp.ee<\/p>\r\n<\/div>\r\n<\/div>\r\n<\/div>\r\n\r\n\r\n<hr class=\"wp-block-separator has-alpha-channel-opacity is-style-wide\" \/>\r\n\r\n\r\n<div class=\"wp-block-columns is-layout-flex wp-container-core-columns-is-layout-28f84493 wp-block-columns-is-layout-flex\">\r\n<div class=\"wp-block-column is-layout-flow wp-container-core-column-is-layout-8a368f38 wp-block-column-is-layout-flow\">\r\n<p style=\"line-height: 1.1;\"><strong>Jaan Tover<\/strong><\/p>\r\n\r\n\r\n\r\n<p class=\"has-small-font-size\" style=\"line-height: 1.1;\">Kohviku peremees<\/p>\r\n\r\n\r\n\r\n<p class=\"has-small-font-size\">crepp@crepp.ee<\/p>\r\n\r\n\r\n\r\n<p class=\"has-small-font-size\">+372 5341 9067<\/p>\r\n<\/div>\r\n\r\n\r\n\r\n<div class=\"wp-block-column is-layout-flow wp-container-core-column-is-layout-8a368f38 wp-block-column-is-layout-flow\">\r\n<p style=\"line-height: 1.1;\"><strong>Andres Tover<\/strong><\/p>\r\n\r\n\r\n\r\n<p class=\"has-small-font-size\" style=\"line-height: 1.1;\">Chef<\/p>\r\n\r\n\r\n\r\n<div class=\"wp-block-spacer\" style=\"height: 10px;\" aria-hidden=\"true\">\u00a0<\/div>\r\n\r\n\r\n\r\n<p class=\"has-small-font-size\">andres@crepp.ee<\/p>\r\n<\/div>\r\n<\/div>\r\n\r\n\r\n\r\n<div class=\"wp-block-spacer\" style=\"height: 74px;\" aria-hidden=\"true\">\u00a0<\/div>\r\n\r\n\r\n\r\n<div class=\"wp-block-group has-global-padding is-content-justification-center is-layout-constrained wp-block-group-is-layout-constrained\"> <iframe loading=\"lazy\" style=\"border: 0;\" src=\"https:\/\/www.google.com\/maps\/embed?pb=!1m18!1m12!1m3!1d2091.675634426649!2d26.72007163849227!3d58.382007029949506!2m3!1f0!2f0!3f0!3m2!1i1024!2i768!4f13.1!3m3!1m2!1s0x46eb36e6c3b48a3d%3A0xbfc9c789dc2fbe6!2sCrepp!5e0!3m2!1sen!2see!4v1738152212918!5m2!1sen!2see\" width=\"310\" height=\"200\" allowfullscreen=\"allowfullscreen\"><\/iframe> <\/div>","protected":false},"excerpt":{"rendered":"<p>Kohvik &#8220;Crepp&#8221; R\u00fc\u00fctli 16, Tartu 51007 Eesti Broneeringud ja kaasa tellimine Tel. +372 74 22 133 Info ja p\u00e4ringud crepp@crepp.ee Jaan Tover Kohviku peremees crepp@crepp.ee +372 5341 9067 Andres Tover Peakokk andres@crepp.ee<\/p>","protected":false},"author":1,"featured_media":0,"parent":0,"menu_order":0,"comment_status":"closed","ping_status":"closed","template":"","meta":{"footnotes":""},"class_list":["post-121","page","type-page","status-publish","hentry"],"_links":{"self":[{"href":"http:\/\/crepp.ee\/en\/wp-json\/wp\/v2\/pages\/121","targetHints":{"allow":["GET"]}}],"collection":[{"href":"http:\/\/crepp.ee\/en\/wp-json\/wp\/v2\/pages"}],"about":[{"href":"http:\/\/crepp.ee\/en\/wp-json\/wp\/v2\/types\/page"}],"author":[{"embeddable":true,"href":"http:\/\/crepp.ee\/en\/wp-json\/wp\/v2\/users\/1"}],"replies":[{"embeddable":true,"href":"http:\/\/crepp.ee\/en\/wp-json\/wp\/v2\/comments?post=121"}],"version-history":[{"count":16,"href":"http:\/\/crepp.ee\/en\/wp-json\/wp\/v2\/pages\/121\/revisions"}],"predecessor-version":[{"id":336,"href":"http:\/\/crepp.ee\/en\/wp-json\/wp\/v2\/pages\/121\/revisions\/336"}],"wp:attachment":[{"href":"http:\/\/crepp.ee\/en\/wp-json\/wp\/v2\/media?parent=121"}],"curies":[{"name":"wp","href":"https:\/\/api.w.org\/{rel}","templated":true}]}}